{"id":1366,"date":"2018-10-19T11:41:06","date_gmt":"2018-10-19T11:41:06","guid":{"rendered":"http:\/\/hotello-demo.loc\/alpen\/?page_id=1366"},"modified":"2020-09-17T17:41:18","modified_gmt":"2020-09-17T15:41:18","slug":"service-layout-1","status":"publish","type":"page","link":"http:\/\/www.bblepetitfleur.it\/?page_id=1366","title":{"rendered":"Ristorante"},"content":{"rendered":"<p>[vc_section][vc_row][vc_column][vc_custom_heading source=&#8221;post_title&#8221; font_container=&#8221;tag:h2|text_align:center&#8221; use_theme_fonts=&#8221;yes&#8221; css=&#8221;.vc_custom_1539949623848{margin-top: 30px !important;margin-bottom: 40px !important;}&#8221;][stm_spacer height=&#8221;73&#8243; height_tablet=&#8221;60&#8243; height_mobile=&#8221;40&#8243;][vc_row_inner][vc_column_inner width=&#8221;1\/2&#8243; shadow_x_offset=&#8221;0&#8243; shadow_y_offset=&#8221;0&#8243; shadow_blur=&#8221;0&#8243; shadow_spread=&#8221;0&#8243; shadow_color=&#8221;#175f2d&#8221;][vc_single_image image=&#8221;1674&#8243; img_size=&#8221;480&#215;480&#8243; style=&#8221;vc_box_shadow&#8221;][\/vc_column_inner][vc_column_inner width=&#8221;1\/2&#8243;][vc_custom_heading text=&#8221;Ristoro Agricolo&#8221; font_container=&#8221;tag:h3|font_size:28|text_align:left|line_height:34px&#8221; use_theme_fonts=&#8221;yes&#8221; css=&#8221;.vc_custom_1582015312737{margin-top: 9px !important;margin-bottom: 27px !important;}&#8221;][vc_column_text css=&#8221;.vc_custom_1582015574335{margin-bottom: 52px !important;}&#8221;]Il nostro men\u00f9 \u00e8 stagionale e varia settimanalmente in funzione alla disponibilit\u00e0 delle materie prime, che provengono sia dalla nostra azienda agricola che dalle altre con le quali collaboriamo.[\/vc_column_text][vc_custom_heading text=&#8221;DETTAGLI DEL SERVIZIO&#8221; font_container=&#8221;tag:h4|font_size:19px|text_align:left&#8221; use_theme_fonts=&#8221;yes&#8221; css=&#8221;.vc_custom_1582015729931{margin-bottom: 26px !important;}&#8221;][vc_column_text]<\/p>\n<ul class=\"icon-list-1\">\n<li>Aperti Sabato sera e Domenica a pranzo<\/li>\n<li>Aperti in settimana su prenotazione per gruppi di 8\/10 Persone<\/li>\n<li>Organizzazione di eventi privati<\/li>\n<\/ul>\n<p>[\/vc_column_text][\/vc_column_inner][\/vc_row_inner][stm_spacer height=&#8221;59&#8243; height_tablet=&#8221;40&#8243; height_mobile=&#8221;40&#8243;][\/vc_column][\/vc_row][\/vc_section][vc_row full_width=&#8221;stretch_row_content_no_spaces&#8221; shadow_x_offset=&#8221;0&#8243; shadow_y_offset=&#8221;0&#8243; shadow_blur=&#8221;0&#8243; shadow_spread=&#8221;0&#8243; shadow_color=&#8221;&#8221; css=&#8221;.vc_custom_1539247964793{margin-right: 15px !important;margin-left: 12px !important;}&#8221;][vc_column width=&#8221;1\/2&#8243; shadow_x_offset=&#8221;0&#8243; shadow_y_offset=&#8221;0&#8243; shadow_blur=&#8221;0&#8243; shadow_spread=&#8221;0&#8243; shadow_color=&#8221;&#8221; offset=&#8221;vc_col-lg-3 vc_col-md-6 vc_col-xs-12 vc_hidden-xs&#8221;][stm_info_box icon=&#8221;stmicon-hotel_menu&#8221; icon_size=&#8221;79&#8243; title=&#8221;Men\u00f9 Agricolo&#8221; image=&#8221;1679&#8243;]Il menu comprende piatti cucinati con prodotti provenienti direttamente dalla nostra Azienda Agricola.o prodotti tipici, scelti da noi e di qualit\u00e0 ottima e garantita.[\/stm_info_box][\/vc_column][vc_column width=&#8221;1\/2&#8243; shadow_x_offset=&#8221;0&#8243; shadow_y_offset=&#8221;0&#8243; shadow_blur=&#8221;0&#8243; shadow_spread=&#8221;0&#8243; shadow_color=&#8221;&#8221; offset=&#8221;vc_col-lg-3 vc_col-md-6 vc_col-xs-12 vc_hidden-xs&#8221;][stm_info_box icon=&#8221;stmicon-meal&#8221; icon_size=&#8221;84&#8243; title=&#8221;Servizio di Asporto&#8221; image=&#8221;1676&#8243;]Per gustare nella tranquillit\u00e0 della vostra casa i nostri manicaretti. Possibilit\u00e0 di prenotare il men\u00f9 completo oppure solo alcune portate. E\u2019 gradita la prenotazione almeno 48h prima[\/stm_info_box][\/vc_column][vc_column width=&#8221;1\/2&#8243; shadow_x_offset=&#8221;0&#8243; shadow_y_offset=&#8221;0&#8243; shadow_blur=&#8221;0&#8243; shadow_spread=&#8221;0&#8243; shadow_color=&#8221;&#8221; offset=&#8221;vc_col-lg-3 vc_col-md-6 vc_col-xs-12 vc_hidden-xs&#8221;][stm_info_box icon=&#8221;stmicon-parking&#8221; icon_size=&#8221;80&#8243; title=&#8221;Posto Auto&#8221; image=&#8221;1685&#8243;]La struttura \u00e9 dotata anche di posto auto interno.[\/stm_info_box][\/vc_column][vc_column width=&#8221;1\/2&#8243; shadow_x_offset=&#8221;0&#8243; shadow_y_offset=&#8221;0&#8243; shadow_blur=&#8221;0&#8243; shadow_spread=&#8221;0&#8243; shadow_color=&#8221;&#8221; offset=&#8221;vc_col-lg-3 vc_col-md-6 vc_col-xs-12 vc_hidden-xs&#8221;][stm_info_box icon=&#8221;stmicon-hotel-spa&#8221; icon_size=&#8221;80&#8243; title=&#8221;La Struttura&#8221; image=&#8221;1672&#8243;]Un&#8217;antica corte storica milanese del 1800, caratterizzata da un giardino con piante secolari sotto le quali fare colazione d&#8217;estate, da un laghetto con pesci, tartarughe, rane, da uccelli e animali da cortile, e tante rose, gli ospiti potranno immergersi nel verde e nei profumi naturali che il giardino, con le sue essenze di fiori e frutti, emana ogni giorno in ogni stagione dell&#8217;anno.[\/stm_info_box][\/vc_column][\/vc_row][vc_row full_width=&#8221;stretch_row_content_no_spaces&#8221; shadow_x_offset=&#8221;0&#8243; shadow_y_offset=&#8221;0&#8243; shadow_blur=&#8221;0&#8243; shadow_spread=&#8221;0&#8243; shadow_color=&#8221;&#8221; css=&#8221;.vc_custom_1539247964793{margin-right: 15px !important;margin-left: 12px !important;}&#8221;][vc_column width=&#8221;1\/2&#8243; shadow_x_offset=&#8221;0&#8243; shadow_y_offset=&#8221;0&#8243; shadow_blur=&#8221;0&#8243; shadow_spread=&#8221;0&#8243; shadow_color=&#8221;&#8221; offset=&#8221;vc_col-lg-3 vc_hidden-lg vc_col-md-6 vc_hidden-md vc_hidden-sm vc_col-xs-12&#8243;][stm_info_box icon=&#8221;stmicon-hotel_menu&#8221; icon_size=&#8221;40&#8243; title=&#8221;Men\u00f9 Agricolo&#8221; image=&#8221;1679&#8243;]Il menu comprende piatti cucinati con prodotti provenienti direttamente dalla nostra Azienda Agricola.o prodotti tipici, scelti da noi e di qualit\u00e0 ottima e garantita.[\/stm_info_box][\/vc_column][vc_column width=&#8221;1\/2&#8243; shadow_x_offset=&#8221;0&#8243; shadow_y_offset=&#8221;0&#8243; shadow_blur=&#8221;0&#8243; shadow_spread=&#8221;0&#8243; shadow_color=&#8221;&#8221; offset=&#8221;vc_col-lg-3 vc_hidden-lg vc_col-md-6 vc_hidden-md vc_hidden-sm vc_col-xs-12&#8243;][stm_info_box icon=&#8221;stmicon-meal&#8221; icon_size=&#8221;40&#8243; title=&#8221;Servizio di Asporto&#8221; image=&#8221;1676&#8243;]Per gustare nella tranquillit\u00e0 della vostra casa i nostri manicaretti. Possibilit\u00e0 di prenotare il men\u00f9 completo oppure solo alcune portate. E\u2019 gradita la prenotazione almeno 48h prima[\/stm_info_box][\/vc_column][vc_column width=&#8221;1\/2&#8243; shadow_x_offset=&#8221;0&#8243; shadow_y_offset=&#8221;0&#8243; shadow_blur=&#8221;0&#8243; shadow_spread=&#8221;0&#8243; shadow_color=&#8221;&#8221; offset=&#8221;vc_col-lg-3 vc_hidden-lg vc_col-md-6 vc_hidden-md vc_hidden-sm vc_col-xs-12&#8243;][stm_info_box icon=&#8221;stmicon-parking&#8221; icon_size=&#8221;40&#8243; title=&#8221;Posto Auto&#8221; image=&#8221;1685&#8243;]La struttura \u00e9 dotata anche di posto auto interno.[\/stm_info_box][\/vc_column][vc_column width=&#8221;1\/2&#8243; shadow_x_offset=&#8221;0&#8243; shadow_y_offset=&#8221;0&#8243; shadow_blur=&#8221;0&#8243; shadow_spread=&#8221;0&#8243; shadow_color=&#8221;&#8221; offset=&#8221;vc_col-lg-3 vc_hidden-lg vc_col-md-6 vc_hidden-md vc_hidden-sm vc_col-xs-12&#8243;][stm_info_box icon=&#8221;stmicon-hotel-spa&#8221; icon_size=&#8221;40&#8243; title=&#8221;La Struttura&#8221; image=&#8221;1672&#8243;]<span style=\"font-size: 13px; line-height: 18px;\">Un&#8217;antica corte storica milanese del 1800, caratterizzata da un giardino con piante secolari sotto le quali fare colazione d&#8217;estate, da un laghetto con pesci, tartarughe, rane, da uccelli e animali da cortile, e tante rose, gli ospiti potranno immergersi nel verde e nei profumi naturali che il giardino, con le sue essenze di fiori e frutti, emana ogni giorno in ogni stagione dell&#8217;anno.<\/span>[\/stm_info_box][\/vc_column][\/vc_row][vc_section][vc_row][vc_column][stm_spacer height=&#8221;80&#8243; height_tablet=&#8221;60&#8243; height_mobile=&#8221;40&#8243;][\/vc_column][\/vc_row][vc_row][vc_column width=&#8221;1\/2&#8243;][vc_custom_heading text=&#8221;La Gallina Bianca&#8221; font_container=&#8221;tag:h3|font_size:28|text_align:left|line_height:34px&#8221; use_theme_fonts=&#8221;yes&#8221; css=&#8221;.vc_custom_1582020863172{margin-top: 9px !important;margin-bottom: 27px !important;}&#8221;][vc_column_text]<\/p>\n<p style=\"text-align: left;\">Nel nostro ristoro agricolo \u00e8 possibile trovare e riscoprire i sapori e i gusti della nostra terra che purtroppo con il tempo sono andati persi.<\/p>\n<p>[\/vc_column_text][vc_column_text]<\/p>\n<ul class=\"icon-list-1\">\n<li>Prezzo men\u00f9 da 25,00\u20ac a 30,00\u20ac (bevande escluse).<\/li>\n<li>\u00c8 gradita la prenotazione <a href=\"tel:3383751470\">(Luca <strong>338\/3751470<\/strong>)<\/a><\/li>\n<\/ul>\n<p>[\/vc_column_text][\/vc_column][vc_column width=&#8221;1\/2&#8243;][vc_single_image image=&#8221;1438&#8243; img_size=&#8221;480&#215;480&#8243; style=&#8221;vc_box_shadow&#8221;][vc_column_text][\/vc_column_text][\/vc_column][\/vc_row][\/vc_section]<\/p>\n","protected":false},"excerpt":{"rendered":"<p>[vc_section][vc_row][vc_column][vc_custom_heading source=&#8221;post_title&#8221; font_container=&#8221;tag:h2|text_align:center&#8221; use_theme_fonts=&#8221;yes&#8221; css=&#8221;.vc_custom_1539949623848{margin-top: 30px !important;margin-bottom: 40px !important;}&#8221;][stm_spacer height=&#8221;73&#8243; height_tablet=&#8221;60&#8243; height_mobile=&#8221;40&#8243;][vc_row_inner][vc_column_inner width=&#8221;1\/2&#8243; shadow_x_offset=&#8221;0&#8243; shadow_y_offset=&#8221;0&#8243; shadow_blur=&#8221;0&#8243; shadow_spread=&#8221;0&#8243; shadow_color=&#8221;#175f2d&#8221;][vc_single_image image=&#8221;1674&#8243; img_size=&#8221;480&#215;480&#8243; style=&#8221;vc_box_shadow&#8221;][\/vc_column_inner][vc_column_inner width=&#8221;1\/2&#8243;][vc_custom_heading text=&#8221;Ristoro Agricolo&#8221; font_container=&#8221;tag:h3|font_size:28|text_align:left|line_height:34px&#8221; use_theme_fonts=&#8221;yes&#8221; css=&#8221;.vc_custom_1582015312737{margin-top: 9px !important;margin-bottom: 27px !important;}&#8221;][vc_column_text css=&#8221;.vc_custom_1582015574335{margin-bottom: 52px !important;}&#8221;]Il nostro men\u00f9 \u00e8 stagionale e varia settimanalmente in funzione alla disponibilit\u00e0 delle materie prime, che provengono sia dalla nostra azienda agricola [&hellip;]<\/p>\n","protected":false},"author":1,"featured_media":0,"parent":0,"menu_order":0,"comment_status":"closed","ping_status":"closed","template":"","meta":{"ngg_post_thumbnail":0},"yoast_head":"<!-- This site is optimized with the Yoast SEO plugin v18.3 - https:\/\/yoast.com\/wordpress\/plugins\/seo\/ -->\n<title>Ristorante | B&amp;B Le Petit Fleur<\/title>\n<meta name=\"robots\" content=\"index, follow, max-snippet:-1, max-image-preview:large, max-video-preview:-1\" \/>\n<link rel=\"canonical\" href=\"http:\/\/www.bblepetitfleur.it\/?page_id=1366\" \/>\n<meta property=\"og:locale\" content=\"it_IT\" \/>\n<meta property=\"og:type\" content=\"article\" \/>\n<meta property=\"og:title\" content=\"Ristorante | B&amp;B Le Petit Fleur\" \/>\n<meta property=\"og:description\" content=\"[vc_section][vc_row][vc_column][vc_custom_heading source=&#8221;post_title&#8221; font_container=&#8221;tag:h2|text_align:center&#8221; use_theme_fonts=&#8221;yes&#8221; css=&#8221;.vc_custom_1539949623848{margin-top: 30px !important;margin-bottom: 40px !important;}&#8221;][stm_spacer height=&#8221;73&#8243; height_tablet=&#8221;60&#8243; height_mobile=&#8221;40&#8243;][vc_row_inner][vc_column_inner width=&#8221;1\/2&#8243; shadow_x_offset=&#8221;0&#8243; shadow_y_offset=&#8221;0&#8243; shadow_blur=&#8221;0&#8243; shadow_spread=&#8221;0&#8243; shadow_color=&#8221;#175f2d&#8221;][vc_single_image image=&#8221;1674&#8243; img_size=&#8221;480&#215;480&#8243; style=&#8221;vc_box_shadow&#8221;][\/vc_column_inner][vc_column_inner width=&#8221;1\/2&#8243;][vc_custom_heading text=&#8221;Ristoro Agricolo&#8221; font_container=&#8221;tag:h3|font_size:28|text_align:left|line_height:34px&#8221; use_theme_fonts=&#8221;yes&#8221; css=&#8221;.vc_custom_1582015312737{margin-top: 9px !important;margin-bottom: 27px !important;}&#8221;][vc_column_text css=&#8221;.vc_custom_1582015574335{margin-bottom: 52px !important;}&#8221;]Il nostro men\u00f9 \u00e8 stagionale e varia settimanalmente in funzione alla disponibilit\u00e0 delle materie prime, che provengono sia dalla nostra azienda agricola [&hellip;]\" \/>\n<meta property=\"og:url\" content=\"http:\/\/www.bblepetitfleur.it\/?page_id=1366\" \/>\n<meta property=\"og:site_name\" content=\"B&amp;B Le Petit Fleur\" \/>\n<meta property=\"article:publisher\" content=\"https:\/\/www.facebook.com\/bbpetitfleur\/\" \/>\n<meta property=\"article:modified_time\" content=\"2020-09-17T15:41:18+00:00\" \/>\n<meta property=\"og:image\" content=\"http:\/\/www.bblepetitfleur.it\/wp-content\/uploads\/imm_temp_appartamento4.jpg\" \/>\n\t<meta property=\"og:image:width\" content=\"1440\" \/>\n\t<meta property=\"og:image:height\" content=\"960\" \/>\n\t<meta property=\"og:image:type\" content=\"image\/jpeg\" \/>\n<meta name=\"twitter:card\" content=\"summary_large_image\" \/>\n<meta name=\"twitter:label1\" content=\"Tempo di lettura stimato\" \/>\n\t<meta name=\"twitter:data1\" content=\"5 minuti\" \/>\n<script type=\"application\/ld+json\" class=\"yoast-schema-graph\">{\"@context\":\"https:\/\/schema.org\",\"@graph\":[{\"@type\":\"Organization\",\"@id\":\"http:\/\/www.bblepetitfleur.it\/#organization\",\"name\":\"Le Petit Fleur\",\"url\":\"http:\/\/www.bblepetitfleur.it\/\",\"sameAs\":[\"https:\/\/www.facebook.com\/bbpetitfleur\/\"],\"logo\":{\"@type\":\"ImageObject\",\"@id\":\"http:\/\/www.bblepetitfleur.it\/#logo\",\"inLanguage\":\"it-IT\",\"url\":\"http:\/\/www.bblepetitfleur.it\/wp-content\/uploads\/2020\/05\/LOGO-LE-PETIT_FOOTER2.png\",\"contentUrl\":\"http:\/\/www.bblepetitfleur.it\/wp-content\/uploads\/2020\/05\/LOGO-LE-PETIT_FOOTER2.png\",\"width\":100,\"height\":117,\"caption\":\"Le Petit Fleur\"},\"image\":{\"@id\":\"http:\/\/www.bblepetitfleur.it\/#logo\"}},{\"@type\":\"WebSite\",\"@id\":\"http:\/\/www.bblepetitfleur.it\/#website\",\"url\":\"http:\/\/www.bblepetitfleur.it\/\",\"name\":\"Le Petit Fleur\",\"description\":\"B&amp;B Le Petit Fleur\",\"publisher\":{\"@id\":\"http:\/\/www.bblepetitfleur.it\/#organization\"},\"potentialAction\":[{\"@type\":\"SearchAction\",\"target\":{\"@type\":\"EntryPoint\",\"urlTemplate\":\"http:\/\/www.bblepetitfleur.it\/?s={search_term_string}\"},\"query-input\":\"required name=search_term_string\"}],\"inLanguage\":\"it-IT\"},{\"@type\":\"WebPage\",\"@id\":\"http:\/\/www.bblepetitfleur.it\/?page_id=1366#webpage\",\"url\":\"http:\/\/www.bblepetitfleur.it\/?page_id=1366\",\"name\":\"Ristorante | B&amp;B Le Petit Fleur\",\"isPartOf\":{\"@id\":\"http:\/\/www.bblepetitfleur.it\/#website\"},\"datePublished\":\"2018-10-19T11:41:06+00:00\",\"dateModified\":\"2020-09-17T15:41:18+00:00\",\"breadcrumb\":{\"@id\":\"http:\/\/www.bblepetitfleur.it\/?page_id=1366#breadcrumb\"},\"inLanguage\":\"it-IT\",\"potentialAction\":[{\"@type\":\"ReadAction\",\"target\":[\"http:\/\/www.bblepetitfleur.it\/?page_id=1366\"]}]},{\"@type\":\"BreadcrumbList\",\"@id\":\"http:\/\/www.bblepetitfleur.it\/?page_id=1366#breadcrumb\",\"itemListElement\":[{\"@type\":\"ListItem\",\"position\":1,\"name\":\"Home\",\"item\":\"http:\/\/www.bblepetitfleur.it\/\"},{\"@type\":\"ListItem\",\"position\":2,\"name\":\"Ristorante\"}]}]}<\/script>\n<!-- \/ Yoast SEO plugin. -->","yoast_head_json":{"title":"Ristorante | B&amp;B Le Petit Fleur","robots":{"index":"index","follow":"follow","max-snippet":"max-snippet:-1","max-image-preview":"max-image-preview:large","max-video-preview":"max-video-preview:-1"},"canonical":"http:\/\/www.bblepetitfleur.it\/?page_id=1366","og_locale":"it_IT","og_type":"article","og_title":"Ristorante | B&amp;B Le Petit Fleur","og_description":"[vc_section][vc_row][vc_column][vc_custom_heading source=&#8221;post_title&#8221; font_container=&#8221;tag:h2|text_align:center&#8221; use_theme_fonts=&#8221;yes&#8221; css=&#8221;.vc_custom_1539949623848{margin-top: 30px !important;margin-bottom: 40px !important;}&#8221;][stm_spacer height=&#8221;73&#8243; height_tablet=&#8221;60&#8243; height_mobile=&#8221;40&#8243;][vc_row_inner][vc_column_inner width=&#8221;1\/2&#8243; shadow_x_offset=&#8221;0&#8243; shadow_y_offset=&#8221;0&#8243; shadow_blur=&#8221;0&#8243; shadow_spread=&#8221;0&#8243; shadow_color=&#8221;#175f2d&#8221;][vc_single_image image=&#8221;1674&#8243; img_size=&#8221;480&#215;480&#8243; style=&#8221;vc_box_shadow&#8221;][\/vc_column_inner][vc_column_inner width=&#8221;1\/2&#8243;][vc_custom_heading text=&#8221;Ristoro Agricolo&#8221; font_container=&#8221;tag:h3|font_size:28|text_align:left|line_height:34px&#8221; use_theme_fonts=&#8221;yes&#8221; css=&#8221;.vc_custom_1582015312737{margin-top: 9px !important;margin-bottom: 27px !important;}&#8221;][vc_column_text css=&#8221;.vc_custom_1582015574335{margin-bottom: 52px !important;}&#8221;]Il nostro men\u00f9 \u00e8 stagionale e varia settimanalmente in funzione alla disponibilit\u00e0 delle materie prime, che provengono sia dalla nostra azienda agricola [&hellip;]","og_url":"http:\/\/www.bblepetitfleur.it\/?page_id=1366","og_site_name":"B&amp;B Le Petit Fleur","article_publisher":"https:\/\/www.facebook.com\/bbpetitfleur\/","article_modified_time":"2020-09-17T15:41:18+00:00","og_image":[{"width":1440,"height":960,"url":"http:\/\/www.bblepetitfleur.it\/wp-content\/uploads\/imm_temp_appartamento4.jpg","type":"image\/jpeg"}],"twitter_card":"summary_large_image","twitter_misc":{"Tempo di lettura stimato":"5 minuti"},"schema":{"@context":"https:\/\/schema.org","@graph":[{"@type":"Organization","@id":"http:\/\/www.bblepetitfleur.it\/#organization","name":"Le Petit Fleur","url":"http:\/\/www.bblepetitfleur.it\/","sameAs":["https:\/\/www.facebook.com\/bbpetitfleur\/"],"logo":{"@type":"ImageObject","@id":"http:\/\/www.bblepetitfleur.it\/#logo","inLanguage":"it-IT","url":"http:\/\/www.bblepetitfleur.it\/wp-content\/uploads\/2020\/05\/LOGO-LE-PETIT_FOOTER2.png","contentUrl":"http:\/\/www.bblepetitfleur.it\/wp-content\/uploads\/2020\/05\/LOGO-LE-PETIT_FOOTER2.png","width":100,"height":117,"caption":"Le Petit Fleur"},"image":{"@id":"http:\/\/www.bblepetitfleur.it\/#logo"}},{"@type":"WebSite","@id":"http:\/\/www.bblepetitfleur.it\/#website","url":"http:\/\/www.bblepetitfleur.it\/","name":"Le Petit Fleur","description":"B&amp;B Le Petit Fleur","publisher":{"@id":"http:\/\/www.bblepetitfleur.it\/#organization"},"potentialAction":[{"@type":"SearchAction","target":{"@type":"EntryPoint","urlTemplate":"http:\/\/www.bblepetitfleur.it\/?s={search_term_string}"},"query-input":"required name=search_term_string"}],"inLanguage":"it-IT"},{"@type":"WebPage","@id":"http:\/\/www.bblepetitfleur.it\/?page_id=1366#webpage","url":"http:\/\/www.bblepetitfleur.it\/?page_id=1366","name":"Ristorante | B&amp;B Le Petit Fleur","isPartOf":{"@id":"http:\/\/www.bblepetitfleur.it\/#website"},"datePublished":"2018-10-19T11:41:06+00:00","dateModified":"2020-09-17T15:41:18+00:00","breadcrumb":{"@id":"http:\/\/www.bblepetitfleur.it\/?page_id=1366#breadcrumb"},"inLanguage":"it-IT","potentialAction":[{"@type":"ReadAction","target":["http:\/\/www.bblepetitfleur.it\/?page_id=1366"]}]},{"@type":"BreadcrumbList","@id":"http:\/\/www.bblepetitfleur.it\/?page_id=1366#breadcrumb","itemListElement":[{"@type":"ListItem","position":1,"name":"Home","item":"http:\/\/www.bblepetitfleur.it\/"},{"@type":"ListItem","position":2,"name":"Ristorante"}]}]}},"_links":{"self":[{"href":"http:\/\/www.bblepetitfleur.it\/index.php?rest_route=\/wp\/v2\/pages\/1366"}],"collection":[{"href":"http:\/\/www.bblepetitfleur.it\/index.php?rest_route=\/wp\/v2\/pages"}],"about":[{"href":"http:\/\/www.bblepetitfleur.it\/index.php?rest_route=\/wp\/v2\/types\/page"}],"author":[{"embeddable":true,"href":"http:\/\/www.bblepetitfleur.it\/index.php?rest_route=\/wp\/v2\/users\/1"}],"replies":[{"embeddable":true,"href":"http:\/\/www.bblepetitfleur.it\/index.php?rest_route=%2Fwp%2Fv2%2Fcomments&post=1366"}],"version-history":[{"count":67,"href":"http:\/\/www.bblepetitfleur.it\/index.php?rest_route=\/wp\/v2\/pages\/1366\/revisions"}],"predecessor-version":[{"id":1841,"href":"http:\/\/www.bblepetitfleur.it\/index.php?rest_route=\/wp\/v2\/pages\/1366\/revisions\/1841"}],"wp:attachment":[{"href":"http:\/\/www.bblepetitfleur.it\/index.php?rest_route=%2Fwp%2Fv2%2Fmedia&parent=1366"}],"curies":[{"name":"wp","href":"https:\/\/api.w.org\/{rel}","templated":true}]}}